{"id":5084,"date":"2025-06-10T12:40:10","date_gmt":"2025-06-10T10:40:10","guid":{"rendered":"http:\/\/www.boxysystem.com\/?page_id=5084"},"modified":"2025-06-26T17:34:47","modified_gmt":"2025-06-26T15:34:47","slug":"area-tecnica","status":"publish","type":"page","link":"https:\/\/www.boxysystem.com\/it\/area-tecnica\/","title":{"rendered":"Area Tecnica"},"content":{"rendered":"\t\t<div data-elementor-type=\"wp-page\" data-elementor-id=\"5084\" class=\"elementor elementor-5084\" data-elementor-post-type=\"page\">\n\t\t\t\t<div class=\"elementor-element elementor-element-1413f21 e-flex e-con-boxed e-con e-parent\" data-id=\"1413f21\" data-element_type=\"container\" data-e-type=\"container\" data-settings=\"{&quot;background_background&quot;:&quot;classic&quot;,&quot;jet_parallax_layout_list&quot;:[]}\">\n\t\t\t\t\t<div class=\"e-con-inner\">\n\t\t\t\t<div class=\"elementor-element elementor-element-9420aaf elementor-widget elementor-widget-heading\" data-id=\"9420aaf\" data-element_type=\"widget\" data-e-type=\"widget\" data-widget_type=\"heading.default\">\n\t\t\t\t\t<span class=\"elementor-heading-title elementor-size-default\">Area Tecnica<\/span>\t\t\t\t<\/div>\n\t\t\t\t<div class=\"elementor-element elementor-element-e0dcfcc elementor-widget elementor-widget-heading\" data-id=\"e0dcfcc\" data-element_type=\"widget\" data-e-type=\"widget\" data-widget_type=\"heading.default\">\n\t\t\t\t\t<p class=\"elementor-heading-title elementor-size-default\">L'innovazione acustica al servizio del progetto.<\/p>\t\t\t\t<\/div>\n\t\t\t\t\t<\/div>\n\t\t\t\t<\/div>\n\t\t<div class=\"elementor-element elementor-element-09648fe ww e-flex e-con-boxed e-con e-parent\" data-id=\"09648fe\" data-element_type=\"container\" data-e-type=\"container\" data-settings=\"{&quot;jet_parallax_layout_list&quot;:[]}\">\n\t\t\t\t\t<div class=\"e-con-inner\">\n\t\t<div class=\"elementor-element elementor-element-24a3c3e e-con-full e-flex e-con e-child\" data-id=\"24a3c3e\" data-element_type=\"container\" data-e-type=\"container\" data-settings=\"{&quot;jet_parallax_layout_list&quot;:[]}\">\n\t\t\t\t<div class=\"elementor-element elementor-element-9194bed elementor-invisible elementor-widget elementor-widget-heading\" data-id=\"9194bed\" data-element_type=\"widget\" data-e-type=\"widget\" data-settings=\"{&quot;_animation&quot;:&quot;fadeInUp&quot;}\" data-widget_type=\"heading.default\">\n\t\t\t\t\t<h1 class=\"elementor-heading-title elementor-size-default\">Sistema costruttivo<\/h1>\t\t\t\t<\/div>\n\t\t\t\t<div class=\"elementor-element elementor-element-e7255f0 ww elementor-invisible elementor-widget elementor-widget-text-editor\" data-id=\"e7255f0\" data-element_type=\"widget\" data-e-type=\"widget\" data-settings=\"{&quot;_animation&quot;:&quot;fadeIn&quot;}\" data-widget_type=\"text-editor.default\">\n\t\t\t\t\t\t\t\t\t<p>BoXy: il sistema costruttivo modulare in acciaio per ambienti acusticamente controllati di qualsiasi dimensione. Un sistema unico, che integra un potente e silenzioso sistema di ventilazione con passaggi d&#8217;aria insonorizzati direttamente nei moduli strutturali.<\/p><p>Progettiamo il trattamento acustico su misura per ogni esigenza: control room per mix, recording o mastering, sale prova, studi radio o televisivi. La struttura autoportante pu\u00f2 essere ampliata, smontata e reinstallata senza alterare le performance acustiche, garantite dalla certificazione RINA.<\/p><p>Tempi di realizzazione rapidi, prestazioni certificate e design ricercato: BoXy offre soluzioni concrete e di grande impatto estetico per tutte le esigenze di trattamento acustico.<\/p>\t\t\t\t\t\t\t\t<\/div>\n\t\t\t\t<\/div>\n\t\t<div class=\"elementor-element elementor-element-3037484 e-con-full e-flex e-con e-child\" data-id=\"3037484\" data-element_type=\"container\" data-e-type=\"container\" data-settings=\"{&quot;background_background&quot;:&quot;classic&quot;,&quot;jet_parallax_layout_list&quot;:[]}\">\n\t\t\t\t<div class=\"elementor-element elementor-element-12220f3 elementor-invisible elementor-widget elementor-widget-image\" data-id=\"12220f3\" data-element_type=\"widget\" data-e-type=\"widget\" data-settings=\"{&quot;_animation&quot;:&quot;fadeInUp&quot;}\" data-widget_type=\"image.default\">\n\t\t\t\t\t\t\t\t\t\t\t\t\t\t\t<img fetchpriority=\"high\" decoding=\"async\" width=\"579\" height=\"800\" src=\"https:\/\/www.boxysystem.com\/wp-content\/uploads\/2019\/10\/SistemaCostruttivo.jpg\" class=\"attachment-large size-large wp-image-1355\" alt=\"\" srcset=\"https:\/\/www.boxysystem.com\/wp-content\/uploads\/2019\/10\/SistemaCostruttivo.jpg 579w, https:\/\/www.boxysystem.com\/wp-content\/uploads\/2019\/10\/SistemaCostruttivo-217x300.jpg 217w\" sizes=\"(max-width: 579px) 100vw, 579px\" \/>\t\t\t\t\t\t\t\t\t\t\t\t\t\t\t<\/div>\n\t\t\t\t<\/div>\n\t\t\t\t\t<\/div>\n\t\t\t\t<\/div>\n\t\t<div class=\"elementor-element elementor-element-8903cd7 ww e-flex e-con-boxed e-con e-parent\" data-id=\"8903cd7\" data-element_type=\"container\" data-e-type=\"container\" data-settings=\"{&quot;jet_parallax_layout_list&quot;:[]}\">\n\t\t\t\t\t<div class=\"e-con-inner\">\n\t\t<div class=\"elementor-element elementor-element-6313a5e e-con-full e-flex e-con e-child\" data-id=\"6313a5e\" data-element_type=\"container\" data-e-type=\"container\" data-settings=\"{&quot;background_background&quot;:&quot;classic&quot;,&quot;jet_parallax_layout_list&quot;:[]}\">\n\t\t\t\t<div class=\"elementor-element elementor-element-a0ef888 elementor-invisible elementor-widget elementor-widget-image\" data-id=\"a0ef888\" data-element_type=\"widget\" data-e-type=\"widget\" data-settings=\"{&quot;_animation&quot;:&quot;fadeInUp&quot;}\" data-widget_type=\"image.default\">\n\t\t\t\t\t\t\t\t\t\t\t\t\t\t\t<img decoding=\"async\" width=\"800\" height=\"450\" src=\"https:\/\/www.boxysystem.com\/wp-content\/uploads\/2024\/01\/1.1.10_1.1.10.jpg\" class=\"attachment-large size-large wp-image-4666\" alt=\"\" srcset=\"https:\/\/www.boxysystem.com\/wp-content\/uploads\/2024\/01\/1.1.10_1.1.10.jpg 1024w, https:\/\/www.boxysystem.com\/wp-content\/uploads\/2024\/01\/1.1.10_1.1.10-300x169.jpg 300w, https:\/\/www.boxysystem.com\/wp-content\/uploads\/2024\/01\/1.1.10_1.1.10-768x432.jpg 768w\" sizes=\"(max-width: 800px) 100vw, 800px\" \/>\t\t\t\t\t\t\t\t\t\t\t\t\t\t\t<\/div>\n\t\t\t\t<\/div>\n\t\t<div class=\"elementor-element elementor-element-a69c36b e-con-full e-flex e-con e-child\" data-id=\"a69c36b\" data-element_type=\"container\" data-e-type=\"container\" data-settings=\"{&quot;jet_parallax_layout_list&quot;:[]}\">\n\t\t\t\t<div class=\"elementor-element elementor-element-f50a859 elementor-invisible elementor-widget elementor-widget-heading\" data-id=\"f50a859\" data-element_type=\"widget\" data-e-type=\"widget\" data-settings=\"{&quot;_animation&quot;:&quot;fadeInUp&quot;}\" data-widget_type=\"heading.default\">\n\t\t\t\t\t<h2 class=\"elementor-heading-title elementor-size-default\">Isolamento acustico<\/h2>\t\t\t\t<\/div>\n\t\t\t\t<div class=\"elementor-element elementor-element-7b327e5 elementor-invisible elementor-widget elementor-widget-heading\" data-id=\"7b327e5\" data-element_type=\"widget\" data-e-type=\"widget\" data-settings=\"{&quot;_animation&quot;:&quot;fadeInDown&quot;}\" data-widget_type=\"heading.default\">\n\t\t\t\t\t<p class=\"elementor-heading-title elementor-size-default\">La libert\u00e0 di progettare, la certezza dei risultati.<\/p>\t\t\t\t<\/div>\n\t\t\t\t<div class=\"elementor-element elementor-element-24ae9ac ww elementor-invisible elementor-widget elementor-widget-text-editor\" data-id=\"24ae9ac\" data-element_type=\"widget\" data-e-type=\"widget\" data-settings=\"{&quot;_animation&quot;:&quot;fadeIn&quot;}\" data-widget_type=\"text-editor.default\">\n\t\t\t\t\t\t\t\t\t<p>Per insonorizzare un ambiente, \u00e8 fondamentale garantire un isolamento acustico ottimale, in linea con la sua destinazione d&#8217;uso. Il nostro sistema costruttivo crea una &#8220;scatola nella scatola&#8221;, che assicura il disaccoppiamento strutturale e l&#8217;isolamento acustico. L\u2019isolamento acustico in opera e il comfort acustico interno sono misurati in opera da tecnici acustici accreditati ACCREDIA su vari modelli BoXy e i valori dichiarati sono <strong>R&#8217;w \u2265 45 dB e \u2028T 60 (500Hz) = 0,3 sec (\u00b10,2 sec).<\/strong><\/p>\t\t\t\t\t\t\t\t<\/div>\n\t\t\t\t<\/div>\n\t\t\t\t\t<\/div>\n\t\t\t\t<\/div>\n\t\t<div class=\"elementor-element elementor-element-f6ba16c ww e-flex e-con-boxed e-con e-parent\" data-id=\"f6ba16c\" data-element_type=\"container\" data-e-type=\"container\" data-settings=\"{&quot;jet_parallax_layout_list&quot;:[]}\">\n\t\t\t\t\t<div class=\"e-con-inner\">\n\t\t<div class=\"elementor-element elementor-element-b561cb5 e-con-full e-flex e-con e-child\" data-id=\"b561cb5\" data-element_type=\"container\" data-e-type=\"container\" data-settings=\"{&quot;jet_parallax_layout_list&quot;:[]}\">\n\t\t\t\t<div class=\"elementor-element elementor-element-1c9a24b elementor-invisible elementor-widget elementor-widget-heading\" data-id=\"1c9a24b\" data-element_type=\"widget\" data-e-type=\"widget\" data-settings=\"{&quot;_animation&quot;:&quot;fadeInUp&quot;}\" data-widget_type=\"heading.default\">\n\t\t\t\t\t<h2 class=\"elementor-heading-title elementor-size-default\">Trattamento e ricambio aria<\/h2>\t\t\t\t<\/div>\n\t\t\t\t<div class=\"elementor-element elementor-element-26311a9 elementor-invisible elementor-widget elementor-widget-heading\" data-id=\"26311a9\" data-element_type=\"widget\" data-e-type=\"widget\" data-settings=\"{&quot;_animation&quot;:&quot;fadeInDown&quot;}\" data-widget_type=\"heading.default\">\n\t\t\t\t\t<p class=\"elementor-heading-title elementor-size-default\">Respira a pieni polmoni, crea senza limiti.<\/p>\t\t\t\t<\/div>\n\t\t\t\t<div class=\"elementor-element elementor-element-c6af5ad ww elementor-invisible elementor-widget elementor-widget-text-editor\" data-id=\"c6af5ad\" data-element_type=\"widget\" data-e-type=\"widget\" data-settings=\"{&quot;_animation&quot;:&quot;fadeIn&quot;}\" data-widget_type=\"text-editor.default\">\n\t\t\t\t\t\t\t\t\t<p>Ogni ambiente BoXy \u00e8 dotato del sistema di ventilazione BOXYGEN, che garantisce un ricambio d&#8217;aria silenzioso e personalizzato. I passaggi d&#8217;aria insonorizzati sono dimensionati in base alle specifiche esigenze dell&#8217;ambiente e sono compatibili con tutti i sistemi di trattamento dell&#8217;aria disponibili sul mercato.<\/p><p>Il sistema BOXYGEN offre soluzioni flessibili, dal semplice ricambio d&#8217;aria modulabile (con scambio in ambiente o con l&#8217;esterno, fino a 10 cambi volumetrici d\u2019aria all\u2019ora) all&#8217;integrazione con sistemi avanzati per il controllo di temperatura, umidit\u00e0 e qualit\u00e0 dell&#8217;aria. Per installazioni complesse, forniamo specifiche tecniche e supporto ai progettisti e impiantisti, garantendo la performance finale in termini di qualit\u00e0, quantit\u00e0 dell&#8217;aria e silenziosit\u00e0 del sistema.<\/p>\t\t\t\t\t\t\t\t<\/div>\n\t\t\t\t<\/div>\n\t\t<div class=\"elementor-element elementor-element-227653f e-con-full e-flex e-con e-child\" data-id=\"227653f\" data-element_type=\"container\" data-e-type=\"container\" data-settings=\"{&quot;background_background&quot;:&quot;classic&quot;,&quot;jet_parallax_layout_list&quot;:[]}\">\n\t\t\t\t<div class=\"elementor-element elementor-element-4bb2f1b elementor-invisible elementor-widget elementor-widget-image\" data-id=\"4bb2f1b\" data-element_type=\"widget\" data-e-type=\"widget\" data-settings=\"{&quot;_animation&quot;:&quot;fadeInUp&quot;}\" data-widget_type=\"image.default\">\n\t\t\t\t\t\t\t\t\t\t\t\t\t\t\t<img decoding=\"async\" width=\"800\" height=\"492\" src=\"https:\/\/www.boxysystem.com\/wp-content\/uploads\/2020\/06\/Aria_2.jpg\" class=\"attachment-large size-large wp-image-2417\" alt=\"Luftaustauschsystem\" srcset=\"https:\/\/www.boxysystem.com\/wp-content\/uploads\/2020\/06\/Aria_2.jpg 1000w, https:\/\/www.boxysystem.com\/wp-content\/uploads\/2020\/06\/Aria_2-300x185.jpg 300w, https:\/\/www.boxysystem.com\/wp-content\/uploads\/2020\/06\/Aria_2-768x472.jpg 768w\" sizes=\"(max-width: 800px) 100vw, 800px\" \/>\t\t\t\t\t\t\t\t\t\t\t\t\t\t\t<\/div>\n\t\t\t\t<\/div>\n\t\t\t\t\t<\/div>\n\t\t\t\t<\/div>\n\t\t<div class=\"elementor-element elementor-element-5c26c3a ww e-flex e-con-boxed e-con e-parent\" data-id=\"5c26c3a\" data-element_type=\"container\" data-e-type=\"container\" data-settings=\"{&quot;jet_parallax_layout_list&quot;:[]}\">\n\t\t\t\t\t<div class=\"e-con-inner\">\n\t\t<div class=\"elementor-element elementor-element-87fb648 e-con-full e-flex e-con e-child\" data-id=\"87fb648\" data-element_type=\"container\" data-e-type=\"container\" data-settings=\"{&quot;background_background&quot;:&quot;classic&quot;,&quot;jet_parallax_layout_list&quot;:[]}\">\n\t\t\t\t<div class=\"elementor-element elementor-element-4d7e3bf elementor-invisible elementor-widget elementor-widget-image\" data-id=\"4d7e3bf\" data-element_type=\"widget\" data-e-type=\"widget\" data-settings=\"{&quot;_animation&quot;:&quot;fadeInUp&quot;}\" data-widget_type=\"image.default\">\n\t\t\t\t\t\t\t\t\t\t\t\t\t\t\t<img loading=\"lazy\" decoding=\"async\" width=\"667\" height=\"1000\" src=\"https:\/\/www.boxysystem.com\/wp-content\/uploads\/2019\/10\/Porte_2.jpg\" class=\"attachment-large size-large wp-image-1373\" alt=\"\" srcset=\"https:\/\/www.boxysystem.com\/wp-content\/uploads\/2019\/10\/Porte_2.jpg 667w, https:\/\/www.boxysystem.com\/wp-content\/uploads\/2019\/10\/Porte_2-200x300.jpg 200w\" sizes=\"(max-width: 667px) 100vw, 667px\" \/>\t\t\t\t\t\t\t\t\t\t\t\t\t\t\t<\/div>\n\t\t\t\t<\/div>\n\t\t<div class=\"elementor-element elementor-element-fcb0e46 e-con-full e-flex e-con e-child\" data-id=\"fcb0e46\" data-element_type=\"container\" data-e-type=\"container\" data-settings=\"{&quot;jet_parallax_layout_list&quot;:[]}\">\n\t\t\t\t<div class=\"elementor-element elementor-element-2b17393 elementor-invisible elementor-widget elementor-widget-heading\" data-id=\"2b17393\" data-element_type=\"widget\" data-e-type=\"widget\" data-settings=\"{&quot;_animation&quot;:&quot;fadeInUp&quot;}\" data-widget_type=\"heading.default\">\n\t\t\t\t\t<h2 class=\"elementor-heading-title elementor-size-default\">Porte<\/h2>\t\t\t\t<\/div>\n\t\t\t\t<div class=\"elementor-element elementor-element-029cd1a elementor-invisible elementor-widget elementor-widget-heading\" data-id=\"029cd1a\" data-element_type=\"widget\" data-e-type=\"widget\" data-settings=\"{&quot;_animation&quot;:&quot;fadeInDown&quot;}\" data-widget_type=\"heading.default\">\n\t\t\t\t\t<p class=\"elementor-heading-title elementor-size-default\">L'eccellenza del suono, la purezza del design.<\/p>\t\t\t\t<\/div>\n\t\t\t\t<div class=\"elementor-element elementor-element-f45407b ww elementor-invisible elementor-widget elementor-widget-text-editor\" data-id=\"f45407b\" data-element_type=\"widget\" data-e-type=\"widget\" data-settings=\"{&quot;_animation&quot;:&quot;fadeIn&quot;}\" data-widget_type=\"text-editor.default\">\n\t\t\t\t\t\t\t\t\t<p>BoXy ridefinisce gli standard anche per le porte acustiche. Le nostre porte interamente vetrate garantiscono un isolamento acustico eccezionale, <strong>fino a 52 dB<\/strong>, superando le tradizionali soluzioni a doppia porta. Una rivoluzione tecnologica che unisce performance e design.<\/p>\t\t\t\t\t\t\t\t<\/div>\n\t\t\t\t<\/div>\n\t\t\t\t\t<\/div>\n\t\t\t\t<\/div>\n\t\t<div class=\"elementor-element elementor-element-b421616 ww e-flex e-con-boxed e-con e-parent\" data-id=\"b421616\" data-element_type=\"container\" data-e-type=\"container\" data-settings=\"{&quot;jet_parallax_layout_list&quot;:[]}\">\n\t\t\t\t\t<div class=\"e-con-inner\">\n\t\t<div class=\"elementor-element elementor-element-238d503 e-con-full e-flex e-con e-child\" data-id=\"238d503\" data-element_type=\"container\" data-e-type=\"container\" data-settings=\"{&quot;jet_parallax_layout_list&quot;:[]}\">\n\t\t\t\t<div class=\"elementor-element elementor-element-5c338d9 elementor-invisible elementor-widget elementor-widget-heading\" data-id=\"5c338d9\" data-element_type=\"widget\" data-e-type=\"widget\" data-settings=\"{&quot;_animation&quot;:&quot;fadeInUp&quot;}\" data-widget_type=\"heading.default\">\n\t\t\t\t\t<h2 class=\"elementor-heading-title elementor-size-default\">Pareti vetrate<\/h2>\t\t\t\t<\/div>\n\t\t\t\t<div class=\"elementor-element elementor-element-a264a47 elementor-invisible elementor-widget elementor-widget-heading\" data-id=\"a264a47\" data-element_type=\"widget\" data-e-type=\"widget\" data-settings=\"{&quot;_animation&quot;:&quot;fadeInDown&quot;}\" data-widget_type=\"heading.default\">\n\t\t\t\t\t<p class=\"elementor-heading-title elementor-size-default\">La trasparenza che amplifica il suono.<\/p>\t\t\t\t<\/div>\n\t\t\t\t<div class=\"elementor-element elementor-element-0fe16ee ww elementor-invisible elementor-widget elementor-widget-text-editor\" data-id=\"0fe16ee\" data-element_type=\"widget\" data-e-type=\"widget\" data-settings=\"{&quot;_animation&quot;:&quot;fadeIn&quot;}\" data-widget_type=\"text-editor.default\">\n\t\t\t\t\t\t\t\t\t<p>La nostra tecnologia costruttiva valorizza le propriet\u00e0 del vetro per creare ambienti acustici unici. Test e sperimentazioni ci permettono di ottenere prestazioni eccezionali in termini di isolamento, flessibilit\u00e0 e comfort. Le pareti vetrate favoriscono la luminosit\u00e0 naturale, migliorano la vivibilit\u00e0 degli spazi e contribuiscono a una resa acustica brillante e diffusa. Il nostro team di progettazione seleziona il vetro pi\u00f9 adatto a ogni esigenza, dai monoliti per le basse frequenze ai vetri vibranti per la dissipazione. Disponibili in versione extra chiaro o con trattamento antiriflesso.<\/p>\t\t\t\t\t\t\t\t<\/div>\n\t\t\t\t<\/div>\n\t\t<div class=\"elementor-element elementor-element-9d537b9 e-con-full e-flex e-con e-child\" data-id=\"9d537b9\" data-element_type=\"container\" data-e-type=\"container\" data-settings=\"{&quot;background_background&quot;:&quot;classic&quot;,&quot;jet_parallax_layout_list&quot;:[]}\">\n\t\t\t\t<div class=\"elementor-element elementor-element-c09a993 elementor-invisible elementor-widget elementor-widget-image\" data-id=\"c09a993\" data-element_type=\"widget\" data-e-type=\"widget\" data-settings=\"{&quot;_animation&quot;:&quot;fadeInUp&quot;}\" data-widget_type=\"image.default\">\n\t\t\t\t\t\t\t\t\t\t\t\t\t\t\t<img loading=\"lazy\" decoding=\"async\" width=\"800\" height=\"547\" src=\"https:\/\/www.boxysystem.com\/wp-content\/uploads\/2019\/10\/Porte-1024x700.jpg\" class=\"attachment-large size-large wp-image-1382\" alt=\"\" srcset=\"https:\/\/www.boxysystem.com\/wp-content\/uploads\/2019\/10\/Porte-1024x700.jpg 1024w, https:\/\/www.boxysystem.com\/wp-content\/uploads\/2019\/10\/Porte-300x205.jpg 300w, https:\/\/www.boxysystem.com\/wp-content\/uploads\/2019\/10\/Porte-768x525.jpg 768w, https:\/\/www.boxysystem.com\/wp-content\/uploads\/2019\/10\/Porte.jpg 1171w\" sizes=\"(max-width: 800px) 100vw, 800px\" \/>\t\t\t\t\t\t\t\t\t\t\t\t\t\t\t<\/div>\n\t\t\t\t<\/div>\n\t\t\t\t\t<\/div>\n\t\t\t\t<\/div>\n\t\t\t\t<\/div>\n\t\t","protected":false},"excerpt":{"rendered":"<p>L&#8217;innovazione acustica al servizio del progetto. Sistema costruttivo BoXy: il sistema costruttivo modulare in acciaio per ambienti acusticamente controllati di qualsiasi dimensione. Un sistema unico, che integra un potente e silenzioso sistema di ventilazione con passaggi d&#8217;aria insonorizzati direttamente nei moduli strutturali. Progettiamo il trattamento acustico su misura per ogni esigenza: control room per mix, [&hellip;]<\/p>\n","protected":false},"author":8,"featured_media":0,"parent":0,"menu_order":0,"comment_status":"closed","ping_status":"closed","template":"elementor_header_footer","meta":{"footnotes":""},"class_list":["post-5084","page","type-page","status-publish","hentry"],"_links":{"self":[{"href":"https:\/\/www.boxysystem.com\/it\/wp-json\/wp\/v2\/pages\/5084","targetHints":{"allow":["GET"]}}],"collection":[{"href":"https:\/\/www.boxysystem.com\/it\/wp-json\/wp\/v2\/pages"}],"about":[{"href":"https:\/\/www.boxysystem.com\/it\/wp-json\/wp\/v2\/types\/page"}],"author":[{"embeddable":true,"href":"https:\/\/www.boxysystem.com\/it\/wp-json\/wp\/v2\/users\/8"}],"replies":[{"embeddable":true,"href":"https:\/\/www.boxysystem.com\/it\/wp-json\/wp\/v2\/comments?post=5084"}],"version-history":[{"count":3,"href":"https:\/\/www.boxysystem.com\/it\/wp-json\/wp\/v2\/pages\/5084\/revisions"}],"predecessor-version":[{"id":5690,"href":"https:\/\/www.boxysystem.com\/it\/wp-json\/wp\/v2\/pages\/5084\/revisions\/5690"}],"wp:attachment":[{"href":"https:\/\/www.boxysystem.com\/it\/wp-json\/wp\/v2\/media?parent=5084"}],"curies":[{"name":"wp","href":"https:\/\/api.w.org\/{rel}","templated":true}]}}