{"id":5813,"date":"2025-07-01T17:34:46","date_gmt":"2025-07-01T15:34:46","guid":{"rendered":"http:\/\/www.boxysystem.com\/domaine-technique\/"},"modified":"2025-07-02T08:57:27","modified_gmt":"2025-07-02T06:57:27","slug":"division-technique","status":"publish","type":"page","link":"https:\/\/www.boxysystem.com\/fr\/division-technique\/","title":{"rendered":"Division Technique"},"content":{"rendered":"\t\t<div data-elementor-type=\"wp-page\" data-elementor-id=\"5813\" class=\"elementor elementor-5813 elementor-5084\" data-elementor-post-type=\"page\">\n\t\t\t\t<div class=\"elementor-element elementor-element-1413f21 e-flex e-con-boxed e-con e-parent\" data-id=\"1413f21\" data-element_type=\"container\" data-e-type=\"container\" data-settings=\"{&quot;background_background&quot;:&quot;classic&quot;,&quot;jet_parallax_layout_list&quot;:[]}\">\n\t\t\t\t\t<div class=\"e-con-inner\">\n\t\t\t\t<div class=\"elementor-element elementor-element-9420aaf elementor-widget elementor-widget-heading\" data-id=\"9420aaf\" data-element_type=\"widget\" data-e-type=\"widget\" data-widget_type=\"heading.default\">\n\t\t\t\t\t<span class=\"elementor-heading-title elementor-size-default\">Division Technique<\/span>\t\t\t\t<\/div>\n\t\t\t\t<div class=\"elementor-element elementor-element-e0dcfcc elementor-widget elementor-widget-heading\" data-id=\"e0dcfcc\" data-element_type=\"widget\" data-e-type=\"widget\" data-widget_type=\"heading.default\">\n\t\t\t\t\t<p class=\"elementor-heading-title elementor-size-default\">L'innovation acoustique au service du design.<\/p>\t\t\t\t<\/div>\n\t\t\t\t\t<\/div>\n\t\t\t\t<\/div>\n\t\t<div class=\"elementor-element elementor-element-09648fe ww e-flex e-con-boxed e-con e-parent\" data-id=\"09648fe\" data-element_type=\"container\" data-e-type=\"container\" data-settings=\"{&quot;jet_parallax_layout_list&quot;:[]}\">\n\t\t\t\t\t<div class=\"e-con-inner\">\n\t\t<div class=\"elementor-element elementor-element-24a3c3e e-con-full e-flex e-con e-child\" data-id=\"24a3c3e\" data-element_type=\"container\" data-e-type=\"container\" data-settings=\"{&quot;jet_parallax_layout_list&quot;:[]}\">\n\t\t\t\t<div class=\"elementor-element elementor-element-9194bed elementor-invisible elementor-widget elementor-widget-heading\" data-id=\"9194bed\" data-element_type=\"widget\" data-e-type=\"widget\" data-settings=\"{&quot;_animation&quot;:&quot;fadeInUp&quot;}\" data-widget_type=\"heading.default\">\n\t\t\t\t\t<h1 class=\"elementor-heading-title elementor-size-default\">Syst\u00e8me de construction<\/h1>\t\t\t\t<\/div>\n\t\t\t\t<div class=\"elementor-element elementor-element-e7255f0 ww elementor-invisible elementor-widget elementor-widget-text-editor\" data-id=\"e7255f0\" data-element_type=\"widget\" data-e-type=\"widget\" data-settings=\"{&quot;_animation&quot;:&quot;fadeIn&quot;}\" data-widget_type=\"text-editor.default\">\n\t\t\t\t\t\t\t\t\t<p>BoXy : le syst\u00e8me de construction modulaire en acier pour les salles acoustiques de toutes tailles. Un syst\u00e8me unique int\u00e9grant un syst\u00e8me de ventilation puissant et silencieux avec des passages d&rsquo;air insonoris\u00e9s directement dans les modules structurels.<\/p><p>Nous concevons des traitements acoustiques sur mesure pour chaque besoin : salles de contr\u00f4le pour le mixage, l&rsquo;enregistrement ou le mastering, salles de r\u00e9p\u00e9tition, studios de radio ou de t\u00e9l\u00e9vision. La structure autoportante peut \u00eatre \u00e9tendue, d\u00e9mont\u00e9e et r\u00e9install\u00e9e sans alt\u00e9rer les performances acoustiques, garanties par la certification RINA.<\/p><p>D\u00e9lais d&rsquo;ex\u00e9cution rapides, performances certifi\u00e9es et design sophistiqu\u00e9 : BoXy offre des solutions concr\u00e8tes et esth\u00e9tiques pour tous les besoins de traitement acoustique.<\/p>\t\t\t\t\t\t\t\t<\/div>\n\t\t\t\t<\/div>\n\t\t<div class=\"elementor-element elementor-element-3037484 e-con-full e-flex e-con e-child\" data-id=\"3037484\" data-element_type=\"container\" data-e-type=\"container\" data-settings=\"{&quot;background_background&quot;:&quot;classic&quot;,&quot;jet_parallax_layout_list&quot;:[]}\">\n\t\t\t\t<div class=\"elementor-element elementor-element-12220f3 elementor-invisible elementor-widget elementor-widget-image\" data-id=\"12220f3\" data-element_type=\"widget\" data-e-type=\"widget\" data-settings=\"{&quot;_animation&quot;:&quot;fadeInUp&quot;}\" data-widget_type=\"image.default\">\n\t\t\t\t\t\t\t\t\t\t\t\t\t\t\t<img fetchpriority=\"high\" decoding=\"async\" width=\"579\" height=\"800\" src=\"https:\/\/www.boxysystem.com\/wp-content\/uploads\/2019\/10\/SistemaCostruttivo.jpg\" class=\"attachment-large size-large wp-image-3583\" alt=\"\" srcset=\"https:\/\/www.boxysystem.com\/wp-content\/uploads\/2019\/10\/SistemaCostruttivo.jpg 579w, https:\/\/www.boxysystem.com\/wp-content\/uploads\/2019\/10\/SistemaCostruttivo-217x300.jpg 217w\" sizes=\"(max-width: 579px) 100vw, 579px\" \/>\t\t\t\t\t\t\t\t\t\t\t\t\t\t\t<\/div>\n\t\t\t\t<\/div>\n\t\t\t\t\t<\/div>\n\t\t\t\t<\/div>\n\t\t<div class=\"elementor-element elementor-element-8903cd7 ww e-flex e-con-boxed e-con e-parent\" data-id=\"8903cd7\" data-element_type=\"container\" data-e-type=\"container\" data-settings=\"{&quot;jet_parallax_layout_list&quot;:[]}\">\n\t\t\t\t\t<div class=\"e-con-inner\">\n\t\t<div class=\"elementor-element elementor-element-6313a5e e-con-full e-flex e-con e-child\" data-id=\"6313a5e\" data-element_type=\"container\" data-e-type=\"container\" data-settings=\"{&quot;background_background&quot;:&quot;classic&quot;,&quot;jet_parallax_layout_list&quot;:[]}\">\n\t\t\t\t<div class=\"elementor-element elementor-element-a0ef888 elementor-invisible elementor-widget elementor-widget-image\" data-id=\"a0ef888\" data-element_type=\"widget\" data-e-type=\"widget\" data-settings=\"{&quot;_animation&quot;:&quot;fadeInUp&quot;}\" data-widget_type=\"image.default\">\n\t\t\t\t\t\t\t\t\t\t\t\t\t\t\t<img decoding=\"async\" width=\"800\" height=\"450\" src=\"https:\/\/www.boxysystem.com\/wp-content\/uploads\/2024\/01\/1.1.10_1.1.10.jpg\" class=\"attachment-large size-large wp-image-4664\" alt=\"\" srcset=\"https:\/\/www.boxysystem.com\/wp-content\/uploads\/2024\/01\/1.1.10_1.1.10.jpg 1024w, https:\/\/www.boxysystem.com\/wp-content\/uploads\/2024\/01\/1.1.10_1.1.10-300x169.jpg 300w, https:\/\/www.boxysystem.com\/wp-content\/uploads\/2024\/01\/1.1.10_1.1.10-768x432.jpg 768w\" sizes=\"(max-width: 800px) 100vw, 800px\" \/>\t\t\t\t\t\t\t\t\t\t\t\t\t\t\t<\/div>\n\t\t\t\t<\/div>\n\t\t<div class=\"elementor-element elementor-element-a69c36b e-con-full e-flex e-con e-child\" data-id=\"a69c36b\" data-element_type=\"container\" data-e-type=\"container\" data-settings=\"{&quot;jet_parallax_layout_list&quot;:[]}\">\n\t\t\t\t<div class=\"elementor-element elementor-element-f50a859 elementor-invisible elementor-widget elementor-widget-heading\" data-id=\"f50a859\" data-element_type=\"widget\" data-e-type=\"widget\" data-settings=\"{&quot;_animation&quot;:&quot;fadeInUp&quot;}\" data-widget_type=\"heading.default\">\n\t\t\t\t\t<h2 class=\"elementor-heading-title elementor-size-default\">Isolation acoustique<\/h2>\t\t\t\t<\/div>\n\t\t\t\t<div class=\"elementor-element elementor-element-7b327e5 elementor-invisible elementor-widget elementor-widget-heading\" data-id=\"7b327e5\" data-element_type=\"widget\" data-e-type=\"widget\" data-settings=\"{&quot;_animation&quot;:&quot;fadeInDown&quot;}\" data-widget_type=\"heading.default\">\n\t\t\t\t\t<p class=\"elementor-heading-title elementor-size-default\">La libert\u00e9 de concevoir, la certitude des r\u00e9sultats.<\/p>\t\t\t\t<\/div>\n\t\t\t\t<div class=\"elementor-element elementor-element-24ae9ac ww elementor-invisible elementor-widget elementor-widget-text-editor\" data-id=\"24ae9ac\" data-element_type=\"widget\" data-e-type=\"widget\" data-settings=\"{&quot;_animation&quot;:&quot;fadeIn&quot;}\" data-widget_type=\"text-editor.default\">\n\t\t\t\t\t\t\t\t\t<p>Pour insonoriser une pi\u00e8ce, il est essentiel d&rsquo;assurer une isolation acoustique optimale en fonction de l&rsquo;usage auquel elle est destin\u00e9e. Notre syst\u00e8me de construction cr\u00e9e une \u00ab\u00a0bo\u00eete dans la bo\u00eete\u00a0\u00bb, qui assure le d\u00e9couplage structurel et l&rsquo;isolation phonique. L&rsquo;isolation acoustique sur site et le confort acoustique int\u00e9rieur sont mesur\u00e9s par des techniciens acoustiques accr\u00e9dit\u00e9s par ACCREDIA sur diff\u00e9rents mod\u00e8les BoXy et les valeurs d\u00e9clar\u00e9es sont <strong>R&rsquo;w \u2265 45 dB et T 60 (500Hz) = 0,3 sec (\u00b10,2 sec).<\/strong><\/p>\t\t\t\t\t\t\t\t<\/div>\n\t\t\t\t<\/div>\n\t\t\t\t\t<\/div>\n\t\t\t\t<\/div>\n\t\t<div class=\"elementor-element elementor-element-f6ba16c ww e-flex e-con-boxed e-con e-parent\" data-id=\"f6ba16c\" data-element_type=\"container\" data-e-type=\"container\" data-settings=\"{&quot;jet_parallax_layout_list&quot;:[]}\">\n\t\t\t\t\t<div class=\"e-con-inner\">\n\t\t<div class=\"elementor-element elementor-element-b561cb5 e-con-full e-flex e-con e-child\" data-id=\"b561cb5\" data-element_type=\"container\" data-e-type=\"container\" data-settings=\"{&quot;jet_parallax_layout_list&quot;:[]}\">\n\t\t\t\t<div class=\"elementor-element elementor-element-1c9a24b elementor-invisible elementor-widget elementor-widget-heading\" data-id=\"1c9a24b\" data-element_type=\"widget\" data-e-type=\"widget\" data-settings=\"{&quot;_animation&quot;:&quot;fadeInUp&quot;}\" data-widget_type=\"heading.default\">\n\t\t\t\t\t<h2 class=\"elementor-heading-title elementor-size-default\">Traitement et renouvellement de l'air<\/h2>\t\t\t\t<\/div>\n\t\t\t\t<div class=\"elementor-element elementor-element-26311a9 elementor-invisible elementor-widget elementor-widget-heading\" data-id=\"26311a9\" data-element_type=\"widget\" data-e-type=\"widget\" data-settings=\"{&quot;_animation&quot;:&quot;fadeInDown&quot;}\" data-widget_type=\"heading.default\">\n\t\t\t\t\t<p class=\"elementor-heading-title elementor-size-default\">Respirez profond\u00e9ment, cr\u00e9ez sans limites.<\/p>\t\t\t\t<\/div>\n\t\t\t\t<div class=\"elementor-element elementor-element-c6af5ad ww elementor-invisible elementor-widget elementor-widget-text-editor\" data-id=\"c6af5ad\" data-element_type=\"widget\" data-e-type=\"widget\" data-settings=\"{&quot;_animation&quot;:&quot;fadeIn&quot;}\" data-widget_type=\"text-editor.default\">\n\t\t\t\t\t\t\t\t\t<p>Chaque chambre BoXy est \u00e9quip\u00e9e du syst\u00e8me de ventilation BOXYGEN, qui assure un \u00e9change d&rsquo;air silencieux et personnalis\u00e9. Les passages d&rsquo;air insonoris\u00e9s sont dimensionn\u00e9s en fonction des exigences sp\u00e9cifiques de l&rsquo;environnement et sont compatibles avec tous les syst\u00e8mes de traitement de l&rsquo;air disponibles sur le march\u00e9.<\/p><p>Le syst\u00e8me BOXYGEN offre des solutions flexibles, du simple \u00e9change d&rsquo;air modulaire (avec \u00e9change dans la pi\u00e8ce ou vers l&rsquo;ext\u00e9rieur, jusqu&rsquo;\u00e0 10 changements d&rsquo;air volum\u00e9triques par heure) \u00e0 l&rsquo;int\u00e9gration avec des syst\u00e8mes avanc\u00e9s pour le contr\u00f4le de la temp\u00e9rature, de l&rsquo;humidit\u00e9 et de la qualit\u00e9 de l&rsquo;air. Pour les installations complexes, nous fournissons des sp\u00e9cifications techniques et une assistance aux concepteurs et aux installateurs, garantissant les performances finales en termes de qualit\u00e9, de quantit\u00e9 d&rsquo;air et de silence du syst\u00e8me.<\/p>\t\t\t\t\t\t\t\t<\/div>\n\t\t\t\t<\/div>\n\t\t<div class=\"elementor-element elementor-element-227653f e-con-full e-flex e-con e-child\" data-id=\"227653f\" data-element_type=\"container\" data-e-type=\"container\" data-settings=\"{&quot;background_background&quot;:&quot;classic&quot;,&quot;jet_parallax_layout_list&quot;:[]}\">\n\t\t\t\t<div class=\"elementor-element elementor-element-4bb2f1b elementor-invisible elementor-widget elementor-widget-image\" data-id=\"4bb2f1b\" data-element_type=\"widget\" data-e-type=\"widget\" data-settings=\"{&quot;_animation&quot;:&quot;fadeInUp&quot;}\" data-widget_type=\"image.default\">\n\t\t\t\t\t\t\t\t\t\t\t\t\t\t\t<img decoding=\"async\" width=\"800\" height=\"492\" src=\"https:\/\/www.boxysystem.com\/wp-content\/uploads\/2020\/06\/Aria_2.jpg\" class=\"attachment-large size-large wp-image-3845\" alt=\"\" srcset=\"https:\/\/www.boxysystem.com\/wp-content\/uploads\/2020\/06\/Aria_2.jpg 1000w, https:\/\/www.boxysystem.com\/wp-content\/uploads\/2020\/06\/Aria_2-300x185.jpg 300w, https:\/\/www.boxysystem.com\/wp-content\/uploads\/2020\/06\/Aria_2-768x472.jpg 768w\" sizes=\"(max-width: 800px) 100vw, 800px\" \/>\t\t\t\t\t\t\t\t\t\t\t\t\t\t\t<\/div>\n\t\t\t\t<\/div>\n\t\t\t\t\t<\/div>\n\t\t\t\t<\/div>\n\t\t<div class=\"elementor-element elementor-element-5c26c3a ww e-flex e-con-boxed e-con e-parent\" data-id=\"5c26c3a\" data-element_type=\"container\" data-e-type=\"container\" data-settings=\"{&quot;jet_parallax_layout_list&quot;:[]}\">\n\t\t\t\t\t<div class=\"e-con-inner\">\n\t\t<div class=\"elementor-element elementor-element-87fb648 e-con-full e-flex e-con e-child\" data-id=\"87fb648\" data-element_type=\"container\" data-e-type=\"container\" data-settings=\"{&quot;background_background&quot;:&quot;classic&quot;,&quot;jet_parallax_layout_list&quot;:[]}\">\n\t\t\t\t<div class=\"elementor-element elementor-element-4d7e3bf elementor-invisible elementor-widget elementor-widget-image\" data-id=\"4d7e3bf\" data-element_type=\"widget\" data-e-type=\"widget\" data-settings=\"{&quot;_animation&quot;:&quot;fadeInUp&quot;}\" data-widget_type=\"image.default\">\n\t\t\t\t\t\t\t\t\t\t\t\t\t\t\t<img loading=\"lazy\" decoding=\"async\" width=\"667\" height=\"1000\" src=\"https:\/\/www.boxysystem.com\/wp-content\/uploads\/2019\/10\/Porte_2.jpg\" class=\"attachment-large size-large wp-image-3587\" alt=\"\" srcset=\"https:\/\/www.boxysystem.com\/wp-content\/uploads\/2019\/10\/Porte_2.jpg 667w, https:\/\/www.boxysystem.com\/wp-content\/uploads\/2019\/10\/Porte_2-200x300.jpg 200w\" sizes=\"(max-width: 667px) 100vw, 667px\" \/>\t\t\t\t\t\t\t\t\t\t\t\t\t\t\t<\/div>\n\t\t\t\t<\/div>\n\t\t<div class=\"elementor-element elementor-element-fcb0e46 e-con-full e-flex e-con e-child\" data-id=\"fcb0e46\" data-element_type=\"container\" data-e-type=\"container\" data-settings=\"{&quot;jet_parallax_layout_list&quot;:[]}\">\n\t\t\t\t<div class=\"elementor-element elementor-element-2b17393 elementor-invisible elementor-widget elementor-widget-heading\" data-id=\"2b17393\" data-element_type=\"widget\" data-e-type=\"widget\" data-settings=\"{&quot;_animation&quot;:&quot;fadeInUp&quot;}\" data-widget_type=\"heading.default\">\n\t\t\t\t\t<h2 class=\"elementor-heading-title elementor-size-default\">Portes<\/h2>\t\t\t\t<\/div>\n\t\t\t\t<div class=\"elementor-element elementor-element-029cd1a elementor-invisible elementor-widget elementor-widget-heading\" data-id=\"029cd1a\" data-element_type=\"widget\" data-e-type=\"widget\" data-settings=\"{&quot;_animation&quot;:&quot;fadeInDown&quot;}\" data-widget_type=\"heading.default\">\n\t\t\t\t\t<p class=\"elementor-heading-title elementor-size-default\">L'excellence du son, la puret\u00e9 du design.<\/p>\t\t\t\t<\/div>\n\t\t\t\t<div class=\"elementor-element elementor-element-f45407b ww elementor-invisible elementor-widget elementor-widget-text-editor\" data-id=\"f45407b\" data-element_type=\"widget\" data-e-type=\"widget\" data-settings=\"{&quot;_animation&quot;:&quot;fadeIn&quot;}\" data-widget_type=\"text-editor.default\">\n\t\t\t\t\t\t\t\t\t<p>BoXy red\u00e9finit \u00e9galement les normes en mati\u00e8re de portes acoustiques. Nos portes enti\u00e8rement en verre offrent une isolation acoustique exceptionnelle, <strong>jusqu&rsquo;\u00e0 52 dB<\/strong>, ce qui surpasse les solutions traditionnelles \u00e0 double porte. Une r\u00e9volution technologique alliant performance et design.<\/p>\t\t\t\t\t\t\t\t<\/div>\n\t\t\t\t<\/div>\n\t\t\t\t\t<\/div>\n\t\t\t\t<\/div>\n\t\t<div class=\"elementor-element elementor-element-b421616 ww e-flex e-con-boxed e-con e-parent\" data-id=\"b421616\" data-element_type=\"container\" data-e-type=\"container\" data-settings=\"{&quot;jet_parallax_layout_list&quot;:[]}\">\n\t\t\t\t\t<div class=\"e-con-inner\">\n\t\t<div class=\"elementor-element elementor-element-238d503 e-con-full e-flex e-con e-child\" data-id=\"238d503\" data-element_type=\"container\" data-e-type=\"container\" data-settings=\"{&quot;jet_parallax_layout_list&quot;:[]}\">\n\t\t\t\t<div class=\"elementor-element elementor-element-5c338d9 elementor-invisible elementor-widget elementor-widget-heading\" data-id=\"5c338d9\" data-element_type=\"widget\" data-e-type=\"widget\" data-settings=\"{&quot;_animation&quot;:&quot;fadeInUp&quot;}\" data-widget_type=\"heading.default\">\n\t\t\t\t\t<h2 class=\"elementor-heading-title elementor-size-default\">Parois en verre<\/h2>\t\t\t\t<\/div>\n\t\t\t\t<div class=\"elementor-element elementor-element-a264a47 elementor-invisible elementor-widget elementor-widget-heading\" data-id=\"a264a47\" data-element_type=\"widget\" data-e-type=\"widget\" data-settings=\"{&quot;_animation&quot;:&quot;fadeInDown&quot;}\" data-widget_type=\"heading.default\">\n\t\t\t\t\t<p class=\"elementor-heading-title elementor-size-default\">Transparence qui amplifie le son.<\/p>\t\t\t\t<\/div>\n\t\t\t\t<div class=\"elementor-element elementor-element-0fe16ee ww elementor-invisible elementor-widget elementor-widget-text-editor\" data-id=\"0fe16ee\" data-element_type=\"widget\" data-e-type=\"widget\" data-settings=\"{&quot;_animation&quot;:&quot;fadeIn&quot;}\" data-widget_type=\"text-editor.default\">\n\t\t\t\t\t\t\t\t\t<p>Notre technologie de construction met en valeur les propri\u00e9t\u00e9s du verre pour cr\u00e9er des environnements acoustiques uniques. Les tests et les exp\u00e9riences nous permettent d&rsquo;obtenir des performances exceptionnelles en termes d&rsquo;isolation, de flexibilit\u00e9 et de confort. Les parois vitr\u00e9es favorisent la lumi\u00e8re naturelle, am\u00e9liorent l&rsquo;habitabilit\u00e9 des espaces et contribuent \u00e0 une acoustique claire et diffuse. Notre \u00e9quipe de conception s\u00e9lectionne le verre le mieux adapt\u00e9 \u00e0 chaque besoin, du monolithe pour les basses fr\u00e9quences au verre vibrant pour la dissipation. Disponible en version extra-claire ou avec traitement anti-reflet.<\/p>\t\t\t\t\t\t\t\t<\/div>\n\t\t\t\t<\/div>\n\t\t<div class=\"elementor-element elementor-element-9d537b9 e-con-full e-flex e-con e-child\" data-id=\"9d537b9\" data-element_type=\"container\" data-e-type=\"container\" data-settings=\"{&quot;background_background&quot;:&quot;classic&quot;,&quot;jet_parallax_layout_list&quot;:[]}\">\n\t\t\t\t<div class=\"elementor-element elementor-element-c09a993 elementor-invisible elementor-widget elementor-widget-image\" data-id=\"c09a993\" data-element_type=\"widget\" data-e-type=\"widget\" data-settings=\"{&quot;_animation&quot;:&quot;fadeInUp&quot;}\" data-widget_type=\"image.default\">\n\t\t\t\t\t\t\t\t\t\t\t\t\t\t\t<img loading=\"lazy\" decoding=\"async\" width=\"800\" height=\"547\" src=\"https:\/\/www.boxysystem.com\/wp-content\/uploads\/2019\/10\/Porte-1024x700.jpg\" class=\"attachment-large size-large wp-image-3588\" alt=\"\" srcset=\"https:\/\/www.boxysystem.com\/wp-content\/uploads\/2019\/10\/Porte-1024x700.jpg 1024w, https:\/\/www.boxysystem.com\/wp-content\/uploads\/2019\/10\/Porte-300x205.jpg 300w, https:\/\/www.boxysystem.com\/wp-content\/uploads\/2019\/10\/Porte-768x525.jpg 768w, https:\/\/www.boxysystem.com\/wp-content\/uploads\/2019\/10\/Porte.jpg 1171w\" sizes=\"(max-width: 800px) 100vw, 800px\" \/>\t\t\t\t\t\t\t\t\t\t\t\t\t\t\t<\/div>\n\t\t\t\t<\/div>\n\t\t\t\t\t<\/div>\n\t\t\t\t<\/div>\n\t\t\t\t<\/div>\n\t\t","protected":false},"excerpt":{"rendered":"<p>L&rsquo;innovation acoustique au service du design. Syst\u00e8me de construction BoXy : le syst\u00e8me de construction modulaire en acier pour les salles acoustiques de toutes tailles. Un syst\u00e8me unique int\u00e9grant un syst\u00e8me de ventilation puissant et silencieux avec des passages d&rsquo;air insonoris\u00e9s directement dans les modules structurels. Nous concevons des traitements acoustiques sur mesure pour chaque [&hellip;]<\/p>\n","protected":false},"author":8,"featured_media":0,"parent":0,"menu_order":0,"comment_status":"closed","ping_status":"closed","template":"elementor_header_footer","meta":{"footnotes":""},"class_list":["post-5813","page","type-page","status-publish","hentry"],"_links":{"self":[{"href":"https:\/\/www.boxysystem.com\/fr\/wp-json\/wp\/v2\/pages\/5813","targetHints":{"allow":["GET"]}}],"collection":[{"href":"https:\/\/www.boxysystem.com\/fr\/wp-json\/wp\/v2\/pages"}],"about":[{"href":"https:\/\/www.boxysystem.com\/fr\/wp-json\/wp\/v2\/types\/page"}],"author":[{"embeddable":true,"href":"https:\/\/www.boxysystem.com\/fr\/wp-json\/wp\/v2\/users\/8"}],"replies":[{"embeddable":true,"href":"https:\/\/www.boxysystem.com\/fr\/wp-json\/wp\/v2\/comments?post=5813"}],"version-history":[{"count":2,"href":"https:\/\/www.boxysystem.com\/fr\/wp-json\/wp\/v2\/pages\/5813\/revisions"}],"predecessor-version":[{"id":5841,"href":"https:\/\/www.boxysystem.com\/fr\/wp-json\/wp\/v2\/pages\/5813\/revisions\/5841"}],"wp:attachment":[{"href":"https:\/\/www.boxysystem.com\/fr\/wp-json\/wp\/v2\/media?parent=5813"}],"curies":[{"name":"wp","href":"https:\/\/api.w.org\/{rel}","templated":true}]}}